{"id":869,"date":"2024-07-12T11:33:23","date_gmt":"2024-07-12T09:33:23","guid":{"rendered":"https:\/\/anaesteves.fr\/?page_id=869"},"modified":"2025-01-14T16:53:14","modified_gmt":"2025-01-14T15:53:14","slug":"qui-suis-je","status":"publish","type":"page","link":"https:\/\/anaesteves.fr\/index.php\/qui-suis-je\/","title":{"rendered":"Qui suis-je ?"},"content":{"rendered":"\t\t<div data-elementor-type=\"wp-page\" data-elementor-id=\"869\" class=\"elementor elementor-869\">\n\t\t\t\t<div class=\"elementor-element elementor-element-90bdddd e-con-full e-flex e-con e-parent\" data-id=\"90bdddd\" data-element_type=\"container\">\n\t\t\t\t<div class=\"elementor-element elementor-element-f648faf elementor-widget elementor-widget-spacer\" data-id=\"f648faf\" data-element_type=\"widget\" data-widget_type=\"spacer.default\">\n\t\t\t\t<div class=\"elementor-widget-container\">\n\t\t\t\t\t\t\t<div class=\"elementor-spacer\">\n\t\t\t<div class=\"elementor-spacer-inner\"><\/div>\n\t\t<\/div>\n\t\t\t\t\t\t<\/div>\n\t\t\t\t<\/div>\n\t\t\t\t<div class=\"elementor-element elementor-element-d0eefec elementor-widget elementor-widget-geekfolio-heading\" data-id=\"d0eefec\" data-element_type=\"widget\" data-widget_type=\"geekfolio-heading.default\">\n\t\t\t\t<div class=\"elementor-widget-container\">\n\t\t\t\t\t\t\t<div class=\"geekfolio-heading-title\" >\r\n\t\t\t\t\t\t<h2 class=\"geekfolio-heading hide-br\"><b>Qui suis-je ?<\/b><\/h2>\t\t\t\t\t<\/div>\r\n\t\t\t\t\t\t<\/div>\n\t\t\t\t<\/div>\n\t\t\t\t<\/div>\n\t\t<div class=\"elementor-element elementor-element-b9b936c e-con-full e-flex e-con e-parent\" data-id=\"b9b936c\" data-element_type=\"container\">\n\t\t\t\t<div class=\"elementor-element elementor-element-856c7c3 elementor-widget elementor-widget-text-editor\" data-id=\"856c7c3\" data-element_type=\"widget\" data-widget_type=\"text-editor.default\">\n\t\t\t\t<div class=\"elementor-widget-container\">\n\t\t\t\t\t\t\t\t\t<p><b><img decoding=\"async\" class=\"emoji\" role=\"img\" draggable=\"false\" src=\"https:\/\/s.w.org\/images\/core\/emoji\/15.0.3\/svg\/2728.svg\" alt=\"\u2728\" \/><\/b> Peindre avec les teintes de l\u2019\u00e2me <b><img decoding=\"async\" class=\"emoji\" role=\"img\" draggable=\"false\" src=\"https:\/\/s.w.org\/images\/core\/emoji\/15.0.3\/svg\/2728.svg\" alt=\"\u2728\" \/><\/b><\/p>\t\t\t\t\t\t\t\t<\/div>\n\t\t\t\t<\/div>\n\t\t<div class=\"elementor-element elementor-element-3368cc4 e-grid e-con-full e-con e-child\" data-id=\"3368cc4\" data-element_type=\"container\">\n\t\t\t\t<div class=\"elementor-element elementor-element-fce9ec9 elementor-widget elementor-widget-image\" data-id=\"fce9ec9\" data-element_type=\"widget\" data-widget_type=\"image.default\">\n\t\t\t\t<div class=\"elementor-widget-container\">\n\t\t\t\t\t\t\t\t\t\t\t\t\t\t\t<img fetchpriority=\"high\" decoding=\"async\" width=\"1024\" height=\"964\" src=\"https:\/\/anaesteves.fr\/wp-content\/uploads\/2024\/07\/Photo-Ana-Esteves-1-1024x964.jpg\" class=\"attachment-large size-large wp-image-1071\" alt=\"\" \/>\t\t\t\t\t\t\t\t\t\t\t\t\t\t\t<\/div>\n\t\t\t\t<\/div>\n\t\t\t\t<div class=\"elementor-element elementor-element-4164d8d elementor-widget elementor-widget-text-editor\" data-id=\"4164d8d\" data-element_type=\"widget\" data-widget_type=\"text-editor.default\">\n\t\t\t\t<div class=\"elementor-widget-container\">\n\t\t\t\t\t\t\t\t\t<p><span style=\"font-weight: 400;\">Je suis Ana Esteves, <\/span><b>une artiste n\u00e9e avec une passion d\u00e9vorante pour l&#8217;art<\/b>. D\u00e8<span style=\"font-weight: 400;\">s mes d\u00e9buts, j&#8217;ai su que ma vie serait d\u00e9di\u00e9e \u00e0 l&#8217;expression cr\u00e9ative.<\/span><\/p><p><span style=\"font-weight: 400;\">Apr\u00e8s avoir obtenu ma<strong> licence d&#8217;Arts Plastiques<\/strong> \u00e0 l&#8217;universit\u00e9 de Corse Pasquale Paoli en 2012, j&#8217;ai continu\u00e9 \u00e0 cultiver ma passion en rejoignant ECohlCit\u00e9, la <strong>premi\u00e8re \u00e9cole au monde sp\u00e9cialis\u00e9e dans la peinture murale<\/strong> \u00e0 Lyon. Trois ann\u00e9es riches en exploration m&#8217;ont permis de ma\u00eetriser cet art unique et d&#8217;affirmer ma cr\u00e9ativit\u00e9. Mon dipl\u00f4me en poche en 2015, j&#8217;ai embrass\u00e9 ma carri\u00e8re d&#8217;artiste professionnelle avec enthousiasme.<\/span><\/p><p><span style=\"font-weight: 400;\">Toujours avide de d\u00e9couvertes, j&#8217;ai enrichi mon savoir-faire en participant \u00e0 une <strong>formation de dorure contemporaine<\/strong> en 2020 chez Les Temps d&#8217;Art \u00e0 Paris. Cette exp\u00e9rience a ajout\u00e9 une nouvelle dimension \u00e0 mon style artistique, int\u00e9grant la technique de dorure contemporaine \u00e0 mes cr\u00e9ations.<\/span><\/p><p><b><img decoding=\"async\" class=\"emoji\" role=\"img\" draggable=\"false\" src=\"https:\/\/s.w.org\/images\/core\/emoji\/15.0.3\/svg\/2728.svg\" alt=\"\u2728\" \/> <\/b>Guid\u00e9e par mes valeurs profondes qui impr\u00e8gnent chacune de mes cr\u00e9ations, mon art est une expression authentique de ma vision du monde, o\u00f9<strong> l&#8217;expressivit\u00e9, la beaut\u00e9 et la sensibilit\u00e9 se rejoignent pour cr\u00e9er des \u0153uvres<\/strong> captivantes et significatives <b><img decoding=\"async\" class=\"emoji\" role=\"img\" draggable=\"false\" src=\"https:\/\/s.w.org\/images\/core\/emoji\/15.0.3\/svg\/2728.svg\" alt=\"\u2728\" \/><\/b><\/p>\t\t\t\t\t\t\t\t<\/div>\n\t\t\t\t<\/div>\n\t\t\t\t<\/div>\n\t\t\t\t<div class=\"elementor-element elementor-element-606ff18 elementor-widget elementor-widget-spacer\" data-id=\"606ff18\" data-element_type=\"widget\" data-widget_type=\"spacer.default\">\n\t\t\t\t<div class=\"elementor-widget-container\">\n\t\t\t\t\t\t\t<div class=\"elementor-spacer\">\n\t\t\t<div class=\"elementor-spacer-inner\"><\/div>\n\t\t<\/div>\n\t\t\t\t\t\t<\/div>\n\t\t\t\t<\/div>\n\t\t<div class=\"elementor-element elementor-element-9e77b1f e-grid e-con-boxed e-con e-child\" data-id=\"9e77b1f\" data-element_type=\"container\">\n\t\t\t\t\t<div class=\"e-con-inner\">\n\t\t\t\t<div class=\"elementor-element elementor-element-170dd49 elementor-widget elementor-widget-text-editor\" data-id=\"170dd49\" data-element_type=\"widget\" data-widget_type=\"text-editor.default\">\n\t\t\t\t<div class=\"elementor-widget-container\">\n\t\t\t\t\t\t\t\t\t<p><span style=\"font-weight: 400;\">Dans ma pratique artistique, je crois en la <strong>puissance des couleurs pour transmettre des \u00e9motions vibrantes<\/strong>, pr\u00e9f\u00e9rant des teintes qui \u00e9voquent l\u2019all\u00e9gresse et la vie. Chaque fois que je m&#8217;attelle \u00e0 une toile, je laisse mes \u00e9motions guider mes pinceaux, cr\u00e9ant ainsi un dialogue entre la peinture et moi, <strong>une conversation o\u00f9 chaque couleur exprime une part de mon \u00eatre<\/strong>. Mon objectif ultime ? Que mes tableaux saisissent votre regard et <strong>vous emm\u00e8nent dans un voyage \u00e9motionnel<\/strong> \u00e0 travers mes portraits.<\/span><\/p><p>Ayant grandi sous le soleil radieux de la Corse, impr\u00e9gn\u00e9e de sa lumi\u00e8re enchanteresse, j&#8217;ai appris \u00e0 voir le monde \u00e0 travers un prisme de couleurs \u00e9clatantes et de beaut\u00e9 naturelle. <strong>Cette connexion profonde avec la nature m&#8217;a transmis un amour inconditionnel pour la vie et une appr\u00e9ciation inn\u00e9e de sa splendeur authentique.<\/strong><\/p><p><span style=\"font-weight: 400;\">Mes \u0153uvres sont le reflet de ma personnalit\u00e9, de ma joie de vivre et de ma vision positive du monde. En tant qu&#8217;artiste, je suis d\u00e9termin\u00e9e \u00e0 partager avec vous cette perspective lumineuse, \u00e0 <strong>vous inviter \u00e0 d\u00e9couvrir la beaut\u00e9 et la magie qui m&#8217;entourent<\/strong>, \u00e0 travers mes cr\u00e9ations qui sont autant de fen\u00eatres ouvertes sur mon univers int\u00e9rieur.<\/span><\/p>\t\t\t\t\t\t\t\t<\/div>\n\t\t\t\t<\/div>\n\t\t\t\t<div class=\"elementor-element elementor-element-b030cae elementor-widget elementor-widget-image\" data-id=\"b030cae\" data-element_type=\"widget\" data-widget_type=\"image.default\">\n\t\t\t\t<div class=\"elementor-widget-container\">\n\t\t\t\t\t\t\t\t\t\t\t\t\t\t\t<img decoding=\"async\" width=\"818\" height=\"1024\" src=\"https:\/\/anaesteves.fr\/wp-content\/uploads\/2024\/07\/Vieux-port-de-Bastia-818x1024.jpg\" class=\"attachment-large size-large wp-image-1233\" alt=\"\" \/>\t\t\t\t\t\t\t\t\t\t\t\t\t\t\t<\/div>\n\t\t\t\t<\/div>\n\t\t\t\t\t<\/div>\n\t\t\t\t<\/div>\n\t\t\t\t<\/div>\n\t\t<div class=\"elementor-element elementor-element-574924f e-con-full e-flex e-con e-parent\" data-id=\"574924f\" data-element_type=\"container\">\n\t\t\t\t<div class=\"elementor-element elementor-element-23e529f elementor-widget elementor-widget-spacer\" data-id=\"23e529f\" data-element_type=\"widget\" data-widget_type=\"spacer.default\">\n\t\t\t\t<div class=\"elementor-widget-container\">\n\t\t\t\t\t\t\t<div class=\"elementor-spacer\">\n\t\t\t<div class=\"elementor-spacer-inner\"><\/div>\n\t\t<\/div>\n\t\t\t\t\t\t<\/div>\n\t\t\t\t<\/div>\n\t\t\t\t<\/div>\n\t\t<div class=\"elementor-element elementor-element-98fc8aa e-con-full e-flex e-con e-parent\" data-id=\"98fc8aa\" data-element_type=\"container\">\n\t\t\t\t<div class=\"elementor-element elementor-element-8e99941 elementor-widget elementor-widget-spacer\" data-id=\"8e99941\" data-element_type=\"widget\" data-widget_type=\"spacer.default\">\n\t\t\t\t<div class=\"elementor-widget-container\">\n\t\t\t\t\t\t\t<div class=\"elementor-spacer\">\n\t\t\t<div class=\"elementor-spacer-inner\"><\/div>\n\t\t<\/div>\n\t\t\t\t\t\t<\/div>\n\t\t\t\t<\/div>\n\t\t\t\t<\/div>\n\t\t<div class=\"elementor-element elementor-element-0d0881c e-flex e-con-boxed e-con e-parent\" data-id=\"0d0881c\" data-element_type=\"container\">\n\t\t\t\t\t<div class=\"e-con-inner\">\n\t\t\t\t<div class=\"elementor-element elementor-element-9dfbf8e elementor-align-center elementor-widget elementor-widget-geekfolio-button\" data-id=\"9dfbf8e\" data-element_type=\"widget\" data-widget_type=\"geekfolio-button.default\">\n\t\t\t\t<div class=\"elementor-widget-container\">\n\t\t\t\t\t\r\n\t\t<a  href=\"\"  class=\"geekfolio-button  \">\r\n\t\t\t<span class=\"geekfolio-button-content-wrapper\">\r\n\t\t\t\t\t\t\t\t\t<span class=\"geekfolio-button-icon geekfolio-align-icon-left hover-animation-none\">\r\n\t\t\t\t\t\t<i aria-hidden=\"true\" class=\" flaticon-list\"><\/i>\t\t\t\t\t<\/span>\r\n\t\t\t\t\t\t\t\t<span class=\"geekfolio-button-text\">\r\n\t\t\t\t\tRencontrez l'artiste\t\t\t\t<\/span>\r\n\t\t\t\t\t\t\t<\/span>\r\n\t\t<\/a>\r\n\r\n\t\t\t\t<\/div>\n\t\t\t\t<\/div>\n\t\t\t\t\t<\/div>\n\t\t\t\t<\/div>\n\t\t<div class=\"elementor-element elementor-element-d45e0f7 e-con-full e-flex e-con e-parent\" data-id=\"d45e0f7\" data-element_type=\"container\">\n\t\t\t\t<div class=\"elementor-element elementor-element-cb9704d elementor-widget elementor-widget-spacer\" data-id=\"cb9704d\" data-element_type=\"widget\" data-widget_type=\"spacer.default\">\n\t\t\t\t<div class=\"elementor-widget-container\">\n\t\t\t\t\t\t\t<div class=\"elementor-spacer\">\n\t\t\t<div class=\"elementor-spacer-inner\"><\/div>\n\t\t<\/div>\n\t\t\t\t\t\t<\/div>\n\t\t\t\t<\/div>\n\t\t\t\t<\/div>\n\t\t\t\t<\/div>\n\t\t","protected":false},"excerpt":{"rendered":"<p>Qui suis-je ? Peindre avec les teintes de l\u2019\u00e2me Je suis Ana Esteves, une artiste n\u00e9e avec une passion d\u00e9vorante pour l&#8217;art. D\u00e8s mes d\u00e9buts, j&#8217;ai su que ma vie serait d\u00e9di\u00e9e \u00e0 l&#8217;expression cr\u00e9ative. Apr\u00e8s avoir obtenu ma licence d&#8217;Arts Plastiques \u00e0 l&#8217;universit\u00e9 de Corse Pasquale Paoli en 2012, j&#8217;ai continu\u00e9 \u00e0 cultiver ma passion en rejoignant ECohlCit\u00e9, la &hellip;<\/p>\n","protected":false},"author":1,"featured_media":0,"parent":0,"menu_order":0,"comment_status":"closed","ping_status":"closed","template":"geekfolio-builder.php","meta":{"footnotes":""},"class_list":["post-869","page","type-page","status-publish","hentry"],"yoast_head":"<!-- This site is optimized with the Yoast SEO plugin v25.7 - https:\/\/yoast.com\/wordpress\/plugins\/seo\/ -->\n<title>Qui suis-je ? - Ana Esteves<\/title>\n<meta name=\"robots\" content=\"index, follow, max-snippet:-1, max-image-preview:large, max-video-preview:-1\" \/>\n<link rel=\"canonical\" href=\"https:\/\/anaesteves.fr\/index.php\/qui-suis-je\/\" \/>\n<meta property=\"og:locale\" content=\"fr_FR\" \/>\n<meta property=\"og:type\" content=\"article\" \/>\n<meta property=\"og:title\" content=\"Qui suis-je ? - Ana Esteves\" \/>\n<meta property=\"og:description\" content=\"Qui suis-je ? Peindre avec les teintes de l\u2019\u00e2me Je suis Ana Esteves, une artiste n\u00e9e avec une passion d\u00e9vorante pour l&#8217;art. D\u00e8s mes d\u00e9buts, j&#8217;ai su que ma vie serait d\u00e9di\u00e9e \u00e0 l&#8217;expression cr\u00e9ative. Apr\u00e8s avoir obtenu ma licence d&#8217;Arts Plastiques \u00e0 l&#8217;universit\u00e9 de Corse Pasquale Paoli en 2012, j&#8217;ai continu\u00e9 \u00e0 cultiver ma passion en rejoignant ECohlCit\u00e9, la &hellip;\" \/>\n<meta property=\"og:url\" content=\"https:\/\/anaesteves.fr\/index.php\/qui-suis-je\/\" \/>\n<meta property=\"og:site_name\" content=\"Ana Esteves\" \/>\n<meta property=\"article:modified_time\" content=\"2025-01-14T15:53:14+00:00\" \/>\n<meta property=\"og:image\" content=\"https:\/\/s.w.org\/images\/core\/emoji\/15.0.3\/svg\/2728.svg\" \/>\n<meta name=\"twitter:card\" content=\"summary_large_image\" \/>\n<meta name=\"twitter:label1\" content=\"Dur\u00e9e de lecture estim\u00e9e\" \/>\n\t<meta name=\"twitter:data1\" content=\"2 minutes\" \/>\n<script type=\"application\/ld+json\" class=\"yoast-schema-graph\">{\"@context\":\"https:\/\/schema.org\",\"@graph\":[{\"@type\":\"WebPage\",\"@id\":\"https:\/\/anaesteves.fr\/index.php\/qui-suis-je\/\",\"url\":\"https:\/\/anaesteves.fr\/index.php\/qui-suis-je\/\",\"name\":\"Qui suis-je ? - Ana Esteves\",\"isPartOf\":{\"@id\":\"https:\/\/anaesteves.fr\/#website\"},\"primaryImageOfPage\":{\"@id\":\"https:\/\/anaesteves.fr\/index.php\/qui-suis-je\/#primaryimage\"},\"image\":{\"@id\":\"https:\/\/anaesteves.fr\/index.php\/qui-suis-je\/#primaryimage\"},\"thumbnailUrl\":\"https:\/\/s.w.org\/images\/core\/emoji\/15.0.3\/svg\/2728.svg\",\"datePublished\":\"2024-07-12T09:33:23+00:00\",\"dateModified\":\"2025-01-14T15:53:14+00:00\",\"breadcrumb\":{\"@id\":\"https:\/\/anaesteves.fr\/index.php\/qui-suis-je\/#breadcrumb\"},\"inLanguage\":\"fr-FR\",\"potentialAction\":[{\"@type\":\"ReadAction\",\"target\":[\"https:\/\/anaesteves.fr\/index.php\/qui-suis-je\/\"]}]},{\"@type\":\"ImageObject\",\"inLanguage\":\"fr-FR\",\"@id\":\"https:\/\/anaesteves.fr\/index.php\/qui-suis-je\/#primaryimage\",\"url\":\"https:\/\/s.w.org\/images\/core\/emoji\/15.0.3\/svg\/2728.svg\",\"contentUrl\":\"https:\/\/s.w.org\/images\/core\/emoji\/15.0.3\/svg\/2728.svg\"},{\"@type\":\"BreadcrumbList\",\"@id\":\"https:\/\/anaesteves.fr\/index.php\/qui-suis-je\/#breadcrumb\",\"itemListElement\":[{\"@type\":\"ListItem\",\"position\":1,\"name\":\"Accueil\",\"item\":\"https:\/\/anaesteves.fr\/\"},{\"@type\":\"ListItem\",\"position\":2,\"name\":\"Qui suis-je ?\"}]},{\"@type\":\"WebSite\",\"@id\":\"https:\/\/anaesteves.fr\/#website\",\"url\":\"https:\/\/anaesteves.fr\/\",\"name\":\"Ana Esteves\",\"description\":\"Peindre avec les teintes de l&#039;\u00e2me\",\"potentialAction\":[{\"@type\":\"SearchAction\",\"target\":{\"@type\":\"EntryPoint\",\"urlTemplate\":\"https:\/\/anaesteves.fr\/?s={search_term_string}\"},\"query-input\":{\"@type\":\"PropertyValueSpecification\",\"valueRequired\":true,\"valueName\":\"search_term_string\"}}],\"inLanguage\":\"fr-FR\"}]}<\/script>\n<!-- \/ Yoast SEO plugin. -->","yoast_head_json":{"title":"Qui suis-je ? - Ana Esteves","robots":{"index":"index","follow":"follow","max-snippet":"max-snippet:-1","max-image-preview":"max-image-preview:large","max-video-preview":"max-video-preview:-1"},"canonical":"https:\/\/anaesteves.fr\/index.php\/qui-suis-je\/","og_locale":"fr_FR","og_type":"article","og_title":"Qui suis-je ? - Ana Esteves","og_description":"Qui suis-je ? Peindre avec les teintes de l\u2019\u00e2me Je suis Ana Esteves, une artiste n\u00e9e avec une passion d\u00e9vorante pour l&#8217;art. D\u00e8s mes d\u00e9buts, j&#8217;ai su que ma vie serait d\u00e9di\u00e9e \u00e0 l&#8217;expression cr\u00e9ative. Apr\u00e8s avoir obtenu ma licence d&#8217;Arts Plastiques \u00e0 l&#8217;universit\u00e9 de Corse Pasquale Paoli en 2012, j&#8217;ai continu\u00e9 \u00e0 cultiver ma passion en rejoignant ECohlCit\u00e9, la &hellip;","og_url":"https:\/\/anaesteves.fr\/index.php\/qui-suis-je\/","og_site_name":"Ana Esteves","article_modified_time":"2025-01-14T15:53:14+00:00","og_image":[{"url":"https:\/\/s.w.org\/images\/core\/emoji\/15.0.3\/svg\/2728.svg","type":"","width":"","height":""}],"twitter_card":"summary_large_image","twitter_misc":{"Dur\u00e9e de lecture estim\u00e9e":"2 minutes"},"schema":{"@context":"https:\/\/schema.org","@graph":[{"@type":"WebPage","@id":"https:\/\/anaesteves.fr\/index.php\/qui-suis-je\/","url":"https:\/\/anaesteves.fr\/index.php\/qui-suis-je\/","name":"Qui suis-je ? - Ana Esteves","isPartOf":{"@id":"https:\/\/anaesteves.fr\/#website"},"primaryImageOfPage":{"@id":"https:\/\/anaesteves.fr\/index.php\/qui-suis-je\/#primaryimage"},"image":{"@id":"https:\/\/anaesteves.fr\/index.php\/qui-suis-je\/#primaryimage"},"thumbnailUrl":"https:\/\/s.w.org\/images\/core\/emoji\/15.0.3\/svg\/2728.svg","datePublished":"2024-07-12T09:33:23+00:00","dateModified":"2025-01-14T15:53:14+00:00","breadcrumb":{"@id":"https:\/\/anaesteves.fr\/index.php\/qui-suis-je\/#breadcrumb"},"inLanguage":"fr-FR","potentialAction":[{"@type":"ReadAction","target":["https:\/\/anaesteves.fr\/index.php\/qui-suis-je\/"]}]},{"@type":"ImageObject","inLanguage":"fr-FR","@id":"https:\/\/anaesteves.fr\/index.php\/qui-suis-je\/#primaryimage","url":"https:\/\/s.w.org\/images\/core\/emoji\/15.0.3\/svg\/2728.svg","contentUrl":"https:\/\/s.w.org\/images\/core\/emoji\/15.0.3\/svg\/2728.svg"},{"@type":"BreadcrumbList","@id":"https:\/\/anaesteves.fr\/index.php\/qui-suis-je\/#breadcrumb","itemListElement":[{"@type":"ListItem","position":1,"name":"Accueil","item":"https:\/\/anaesteves.fr\/"},{"@type":"ListItem","position":2,"name":"Qui suis-je ?"}]},{"@type":"WebSite","@id":"https:\/\/anaesteves.fr\/#website","url":"https:\/\/anaesteves.fr\/","name":"Ana Esteves","description":"Peindre avec les teintes de l&#039;\u00e2me","potentialAction":[{"@type":"SearchAction","target":{"@type":"EntryPoint","urlTemplate":"https:\/\/anaesteves.fr\/?s={search_term_string}"},"query-input":{"@type":"PropertyValueSpecification","valueRequired":true,"valueName":"search_term_string"}}],"inLanguage":"fr-FR"}]}},"_links":{"self":[{"href":"https:\/\/anaesteves.fr\/index.php\/wp-json\/wp\/v2\/pages\/869","targetHints":{"allow":["GET"]}}],"collection":[{"href":"https:\/\/anaesteves.fr\/index.php\/wp-json\/wp\/v2\/pages"}],"about":[{"href":"https:\/\/anaesteves.fr\/index.php\/wp-json\/wp\/v2\/types\/page"}],"author":[{"embeddable":true,"href":"https:\/\/anaesteves.fr\/index.php\/wp-json\/wp\/v2\/users\/1"}],"replies":[{"embeddable":true,"href":"https:\/\/anaesteves.fr\/index.php\/wp-json\/wp\/v2\/comments?post=869"}],"version-history":[{"count":13,"href":"https:\/\/anaesteves.fr\/index.php\/wp-json\/wp\/v2\/pages\/869\/revisions"}],"predecessor-version":[{"id":2495,"href":"https:\/\/anaesteves.fr\/index.php\/wp-json\/wp\/v2\/pages\/869\/revisions\/2495"}],"wp:attachment":[{"href":"https:\/\/anaesteves.fr\/index.php\/wp-json\/wp\/v2\/media?parent=869"}],"curies":[{"name":"wp","href":"https:\/\/api.w.org\/{rel}","templated":true}]}}